{"id":119,"date":"2020-09-27T16:23:01","date_gmt":"2020-09-27T16:23:01","guid":{"rendered":"http:\/\/adria-czartery.pl\/newsite\/?page_id=119"},"modified":"2025-10-30T15:04:32","modified_gmt":"2025-10-30T15:04:32","slug":"cennik","status":"publish","type":"page","link":"https:\/\/adria-czartery.pl\/index.php\/cennik\/","title":{"rendered":"Cennik"},"content":{"rendered":"\t\t<div data-elementor-type=\"wp-page\" data-elementor-id=\"119\" class=\"elementor elementor-119\">\n\t\t\t\t\t\t<section class=\"elementor-section elementor-top-section elementor-element elementor-element-1223131b elementor-section-boxed elementor-section-height-default elementor-section-height-default\" data-id=\"1223131b\" data-element_type=\"section\" data-e-type=\"section\">\n\t\t\t\t\t\t<div class=\"elementor-container elementor-column-gap-default\">\n\t\t\t\t\t<div class=\"elementor-column elementor-col-100 elementor-top-column elementor-element elementor-element-79df3ab0\" data-id=\"79df3ab0\" data-element_type=\"column\" data-e-type=\"column\">\n\t\t\t<div class=\"elementor-widget-wrap elementor-element-populated\">\n\t\t\t\t\t\t<div class=\"elementor-element elementor-element-14765059 elementor-widget elementor-widget-text-editor\" data-id=\"14765059\" data-element_type=\"widget\" data-e-type=\"widget\" data-widget_type=\"text-editor.default\">\n\t\t\t\t<div class=\"elementor-widget-container\">\n\t\t\t\t\t\t\t\t\t<p><table id=\"tablepress-2\" class=\"tablepress tablepress-id-2\">\n<thead>\n<tr class=\"row-1\">\n<th class=\"column-1\">\n<p style=\"text-align: center\"><b>Jacht\\Data<\/b><\/p>\n<\/th>\n<th class=\"column-2\">\n<p style=\"text-align: center\">18.04<br \/>30.04<\/br><\/p>\n<\/th>\n<th class=\"column-3\">\n<p style=\"text-align: center\"><a style=\"color:red\">30.04<br \/>03.05*<\/br><\/p>\n<\/th>\n<th class=\"column-4\">\n<p style=\"text-align: center\">03.05<br \/>30.05<\/p>\n<\/th>\n<th class=\"column-5\">\n<p style=\"text-align: center\"><a style=\"color:red\">30.05<br \/>06.06*<\/br><\/a><\/p>\n<\/th>\n<th class=\"column-6\">\n<p style=\"text-align: center\">06.06<br \/>27.06<\/br><\/p>\n<\/th>\n<th class=\"column-7\">\n<p style=\"text-align: center\">27.06<br \/>04.07<\/br><\/p>\n<\/th>\n<th class=\"column-8\">\n<p style=\"text-align: center\">04.07<br \/>22.08<\/br><\/p>\n<\/th>\n<th class=\"column-9\">\n<p style=\"text-align: center\">22.08<br \/>05.09<\/br><\/p>\n<\/th>\n<th class=\"column-10\">\n<p style=\"text-align: center\">05.09<br \/>19.09<\/br><\/p>\n<\/th>\n<th class=\"column-11\">\n<p style=\"text-align: center\">19.09<br \/>03.10<\/p>\n<\/th>\n<th class=\"column-12\">\n<p style=\"text-align: center\"><a style=\"color:green\">KAUCJA<\/p>\n<\/th>\n<\/tr>\n<\/thead>\n<tbody class=\"row-striping row-hover\">\n<tr class=\"row-2\">\n<td class=\"column-1\">\n<p style=\"text-align: center\"><a href=\"https:\/\/adria-czartery.pl\/index.php\/antila-30\/\">Antila 30 &#8222;Leo&#8221;<\/a><\/p>\n<\/td>\n<td class=\"column-2\">\n<p style=\"text-align: center\">580<\/p>\n<\/td>\n<td class=\"column-3\">\n<p style=\"text-align: center\"><a style=\"color:red\">740<\/p>\n<\/td>\n<td class=\"column-4\">\n<p style=\"text-align: center\">650<\/p>\n<\/td>\n<td class=\"column-5\">\n<p style=\"text-align: center\"><a style=\"color:red\">780<\/p>\n<\/td>\n<td class=\"column-6\">\n<p style=\"text-align: center\">730<\/p>\n<\/td>\n<td class=\"column-7\">\n<p style=\"text-align: center\">790<\/p>\n<\/td>\n<td class=\"column-8\">\n<p style=\"text-align: center\">870<\/p>\n<\/td>\n<td class=\"column-9\">\n<p style=\"text-align: center\">740<\/p>\n<\/td>\n<td class=\"column-10\">\n<p style=\"text-align: center\">630<\/p>\n<\/td>\n<td class=\"column-11\">\n<p style=\"text-align: center\">580<\/p>\n<\/td>\n<td class=\"column-12\">\n<p style=\"text-align: center\"><a style=\"color:green\">2000<\/p>\n<\/td>\n<\/tr>\n<tr class=\"row-3\">\n<td class=\"column-1\">\n<p style=\"text-align: center\"><a href=\"https:\/\/adria-czartery.pl\/index.php\/antila-27-2024\/\">Antila 27 &#8222;Gryf&#8221;<\/a><\/p>\n<\/td>\n<td class=\"column-2\">\n<p style=\"text-align: center\">380<\/p>\n<\/td>\n<td class=\"column-3\">\n<p style=\"text-align: center\"><a style=\"color:red\">540<\/p>\n<\/td>\n<td class=\"column-4\">\n<p style=\"text-align: center\">390<\/p>\n<\/td>\n<td class=\"column-5\">\n<p style=\"text-align: center\"><a style=\"color:red\">560<\/p>\n<\/td>\n<td class=\"column-6\">\n<p style=\"text-align: center\">500<\/p>\n<\/td>\n<td class=\"column-7\">\n<p style=\"text-align: center\">530<\/p>\n<\/td>\n<td class=\"column-8\">\n<p style=\"text-align: center\">560<\/p>\n<\/td>\n<td class=\"column-9\">\n<p style=\"text-align: center\">500<\/p>\n<\/td>\n<td class=\"column-10\">\n<p style=\"text-align: center\">420<\/p>\n<\/td>\n<td class=\"column-11\">\n<p style=\"text-align: center\">390<\/p>\n<\/td>\n<td class=\"column-12\">\n<p style=\"text-align: center\"><a style=\"color:green\">2000<\/p>\n<\/td>\n<\/tr>\n<tr class=\"row-4\">\n<td class=\"column-1\">\n<p style=\"text-align: center\"><a href=\"https:\/\/adria-czartery.pl\/index.php\/antila-27-na-fali\/\">Antila 27 &#8222;Na fali&#8221;<\/a><\/p>\n<\/td>\n<td class=\"column-2\">\n<p style=\"text-align: center\">380<\/p>\n<\/td>\n<td class=\"column-3\">\n<p style=\"text-align: center\"><a style=\"color:red\">540<\/p>\n<\/td>\n<td class=\"column-4\">\n<p style=\"text-align: center\">390<\/p>\n<\/td>\n<td class=\"column-5\">\n<p style=\"text-align: center\"><a style=\"color:red\">560<\/p>\n<\/td>\n<td class=\"column-6\">\n<p style=\"text-align: center\">450<\/p>\n<\/td>\n<td class=\"column-7\">\n<p style=\"text-align: center\">530<\/p>\n<\/td>\n<td class=\"column-8\">\n<p style=\"text-align: center\">530<\/p>\n<\/td>\n<td class=\"column-9\">\n<p style=\"text-align: center\">500<\/p>\n<\/td>\n<td class=\"column-10\">\n<p style=\"text-align: center\">420<\/p>\n<\/td>\n<td class=\"column-11\">\n<p style=\"text-align: center\">390<\/p>\n<\/td>\n<td class=\"column-12\">\n<p style=\"text-align: center\"><a style=\"color:green\">2000<\/p>\n<\/td>\n<\/tr>\n<tr class=\"row-5\">\n<td class=\"column-1\">\n<p style=\"text-align: center\"><a href=\"https:\/\/adria-czartery.pl\/index.php\/antila-26cc-nowa\/\">Antila 26cc &#8222;Marvel&#8221;<\/a><\/p>\n<\/td>\n<td class=\"column-2\">\n<p style=\"text-align: center\">350<\/p>\n<\/td>\n<td class=\"column-3\">\n<p style=\"text-align: center\"><a style=\"color:red\">520<\/p>\n<\/td>\n<td class=\"column-4\">\n<p style=\"text-align: center\">350<\/p>\n<\/td>\n<td class=\"column-5\">\n<p style=\"text-align: center\"><a style=\"color:red\">540<\/p>\n<\/td>\n<td class=\"column-6\">\n<p style=\"text-align: center\">450<\/p>\n<\/td>\n<td class=\"column-7\">\n<p style=\"text-align: center\">480<\/p>\n<\/td>\n<td class=\"column-8\">\n<p style=\"text-align: center\">510<\/p>\n<\/td>\n<td class=\"column-9\">\n<p style=\"text-align: center\">470<\/p>\n<\/td>\n<td class=\"column-10\">\n<p style=\"text-align: center\">380<\/p>\n<\/td>\n<td class=\"column-11\">\n<p style=\"text-align: center\">350<\/p>\n<\/td>\n<td class=\"column-12\">\n<p style=\"text-align: center\"><a style=\"color:green\">2000<\/p>\n<\/td>\n<\/tr>\n<tr class=\"row-6\">\n<td class=\"column-1\">\n<p style=\"text-align: center\"><a href=\"https:\/\/adria-czartery.pl\/index.php\/antila-26cc\/\">Antila 26cc &#8222;Dolores&#8221;<\/a><\/p>\n<\/td>\n<td class=\"column-2\">\n<p style=\"text-align: center\">350<\/p>\n<\/td>\n<td class=\"column-3\">\n<p style=\"text-align: center\"><a style=\"color:red\">520<\/p>\n<\/td>\n<td class=\"column-4\">\n<p style=\"text-align: center\">350<\/p>\n<\/td>\n<td class=\"column-5\">\n<p style=\"text-align: center\"><a style=\"color:red\">540<\/p>\n<\/td>\n<td class=\"column-6\">\n<p style=\"text-align: center\">450<\/p>\n<\/td>\n<td class=\"column-7\">\n<p style=\"text-align: center\">480<\/p>\n<\/td>\n<td class=\"column-8\">\n<p style=\"text-align: center\">520<\/p>\n<\/td>\n<td class=\"column-9\">\n<p style=\"text-align: center\">470<\/p>\n<\/td>\n<td class=\"column-10\">\n<p style=\"text-align: center\">380<\/p>\n<\/td>\n<td class=\"column-11\">\n<p style=\"text-align: center\">350<\/p>\n<\/td>\n<td class=\"column-12\">\n<p style=\"text-align: center\"><a style=\"color:green\">2000<\/p>\n<\/td>\n<\/tr>\n<tr class=\"row-7\">\n<td class=\"column-1\">\n<p style=\"text-align: center\"><a href=\"https:\/\/adria-czartery.pl\/index.php\/wokal-kejla-3\/\">Wokal 2019 &#8222;Kejla 3&#8221;<\/a><\/p>\n<\/td>\n<td class=\"column-2\">\n<p style=\"text-align: center\">350<\/p>\n<\/td>\n<td class=\"column-3\">\n<p style=\"text-align: center\"><a style=\"color:red\">520<\/p>\n<\/td>\n<td class=\"column-4\">\n<p style=\"text-align: center\">370<\/p>\n<\/td>\n<td class=\"column-5\">\n<p style=\"text-align: center\"><a style=\"color:red\">450<\/p>\n<\/td>\n<td class=\"column-6\">\n<p style=\"text-align: center\">380<\/p>\n<\/td>\n<td class=\"column-7\">\n<p style=\"text-align: center\">390<\/p>\n<\/td>\n<td class=\"column-8\">\n<p style=\"text-align: center\">450<\/p>\n<\/td>\n<td class=\"column-9\">\n<p style=\"text-align: center\">420<\/p>\n<\/td>\n<td class=\"column-10\">\n<p style=\"text-align: center\">380<\/p>\n<\/td>\n<td class=\"column-11\">\n<p style=\"text-align: center\">350<\/p>\n<\/td>\n<td class=\"column-12\">\n<p style=\"text-align: center\"><a style=\"color:green\">2000<\/p>\n<\/td>\n<\/tr>\n<\/tbody>\n<\/table>\n<p><!-- #tablepress-2 from cache --><\/p>\n<p><strong>* 30.04 &#8211; 03.05 Maj\u00f3wka, 04.06 Bo\u017ce Cia\u0142o.<\/strong><\/p>\n<\/p>\n<p><\/p>\n<p><\/p>\t\t\t\t\t\t\t\t<\/div>\n\t\t\t\t<\/div>\n\t\t\t\t\t<\/div>\n\t\t<\/div>\n\t\t\t\t\t<\/div>\n\t\t<\/section>\n\t\t\t\t<section class=\"elementor-section elementor-top-section elementor-element elementor-element-2dfc584 elementor-section-boxed elementor-section-height-default elementor-section-height-default\" data-id=\"2dfc584\" data-element_type=\"section\" data-e-type=\"section\">\n\t\t\t\t\t\t<div class=\"elementor-container elementor-column-gap-default\">\n\t\t\t\t\t<div class=\"elementor-column elementor-col-100 elementor-top-column elementor-element elementor-element-83c2b40\" data-id=\"83c2b40\" data-element_type=\"column\" data-e-type=\"column\">\n\t\t\t<div class=\"elementor-widget-wrap elementor-element-populated\">\n\t\t\t\t\t\t<div class=\"elementor-element elementor-element-d5fb78e elementor-widget-divider--separator-type-pattern elementor-widget-divider--view-line elementor-widget elementor-widget-divider\" data-id=\"d5fb78e\" data-element_type=\"widget\" data-e-type=\"widget\" data-widget_type=\"divider.default\">\n\t\t\t\t<div class=\"elementor-widget-container\">\n\t\t\t\t\t\t\t<div class=\"elementor-divider\" style=\"--divider-pattern-url: url(&quot;data:image\/svg+xml,%3Csvg xmlns=&#039;http:\/\/www.w3.org\/2000\/svg&#039; preserveAspectRatio=&#039;none&#039; overflow=&#039;visible&#039; height=&#039;100%&#039; viewBox=&#039;0 0 20 16&#039; fill=&#039;none&#039; stroke=&#039;black&#039; stroke-width=&#039;2&#039; stroke-linecap=&#039;square&#039; stroke-miterlimit=&#039;10&#039;%3E%3Cg transform=&#039;translate(-12.000000, 0)&#039;%3E%3Cpath d=&#039;M28,0L10,18&#039;\/%3E%3Cpath d=&#039;M18,0L0,18&#039;\/%3E%3Cpath d=&#039;M48,0L30,18&#039;\/%3E%3Cpath d=&#039;M38,0L20,18&#039;\/%3E%3C\/g%3E%3C\/svg%3E&quot;);\">\n\t\t\t<span class=\"elementor-divider-separator\">\n\t\t\t\t\t\t<\/span>\n\t\t<\/div>\n\t\t\t\t\t\t<\/div>\n\t\t\t\t<\/div>\n\t\t\t\t<div class=\"elementor-element elementor-element-3351e09 elementor-widget elementor-widget-heading\" data-id=\"3351e09\" data-element_type=\"widget\" data-e-type=\"widget\" data-widget_type=\"heading.default\">\n\t\t\t\t<div class=\"elementor-widget-container\">\n\t\t\t\t\t<h2 class=\"elementor-heading-title elementor-size-default\">Wa\u017cne informacje<\/h2>\t\t\t\t<\/div>\n\t\t\t\t<\/div>\n\t\t\t\t<div class=\"elementor-element elementor-element-16b2186 e-transform elementor-widget elementor-widget-text-editor\" data-id=\"16b2186\" data-element_type=\"widget\" data-e-type=\"widget\" data-settings=\"{&quot;_transform_scale_effect&quot;:{&quot;unit&quot;:&quot;px&quot;,&quot;size&quot;:1,&quot;sizes&quot;:[]},&quot;_transform_scale_effect_tablet&quot;:{&quot;unit&quot;:&quot;px&quot;,&quot;size&quot;:&quot;&quot;,&quot;sizes&quot;:[]},&quot;_transform_scale_effect_mobile&quot;:{&quot;unit&quot;:&quot;px&quot;,&quot;size&quot;:&quot;&quot;,&quot;sizes&quot;:[]}}\" data-widget_type=\"text-editor.default\">\n\t\t\t\t<div class=\"elementor-widget-container\">\n\t\t\t\t\t\t\t\t\t<pre>W sezonie 2026 stacjonowa\u0107 b\u0119dziemy w porcie Resort Niegocin. Port znajduje si\u0119 w O\u015brodku Wypoczynkowym Resort Niegocin \nul. Niegoci\u0144ska 7 w miejscowo\u015bci Wilkasy k\/ Gi\u017cycka.\nPo wjechaniu do o\u015brodka prosz\u0119 kierowa\u0107 si\u0119 wed\u0142ug oznacze\u0144 \"do portu\", gdzie b\u0119d\u0105 mogli Pa\u0144stwo podjecha\u0107 pod same jachty. \nPo rozpakowaniu baga\u017cy samoch\u00f3d nale\u017cy odstawi\u0107 na parking znajduj\u0105cy si\u0119 w Resorcie. \nW odleg\u0142o\u015bci oko\u0142o 800m od portu znajduje si\u0119 sklep \"Biedronka\" oraz oko\u0142o 900m przystanek autobusowy. \nW resorcie r\u00f3wnie\u017c b\u0119d\u0105 mogli Pa\u0144stwo skorzysta\u0107 z restauracji.\n\nWa\u017cne informacje:\n- Odbi\u00f3r jachtu od 14:00 do 18:00\n- Zdanie jachtu od 8:00 do 10:00<br \/>- Koszt czarteru do trzech d\u00f3b naliczany indywidualnie<br \/>- Jachty motorowe wynajmowane s\u0105 bez patentu Osoby kt\u00f3re nie posiadaj\u0105 uprawnie\u0144 musz\u0105 przej\u015b\u0107 szkolenie \n  z zakresu bezpiecze\u0144stwa i prowadzenia \u0142odzi w celu otrzymania za\u015bwiadczenia z zakresu bezpiecze\u0144stwa na wodzie \n  wymagane przez s\u0142u\u017cby. Koszt szkolenia 150 z\u0142 godzina<br \/>- Od 30.05 do 05.09 rezerwacje wy\u0142\u0105cznie minimum tygodniowe<br \/>\n\nZni\u017cki:\n10 % - stali klienci p\u0142ywaj\u0105cy w sezonie i poza sezonem\n5 % - stali klienci p\u0142ywaj\u0105cy w sezonie\n5 % - czartery dwu tygodniowe\n*zni\u017cki nie obejmuj\u0105 Weekendu Majowego i Bo\u017cego Cia\u0142a\n*max zni\u017cka 10 %\n\nJachty wyp\u0142ywaj\u0105ce w rejs otrzymuj\u0105:\n- nabit\u0105 butl\u0119 gazow\u0105 2kg\n- pe\u0142ny zbiornik paliwa typu 95 (\u0142\u00f3d\u017a nale\u017cy zda\u0107 r\u00f3wnie\u017c z pe\u0142nym zbiornikiem paliwa)\n- na\u0142adowane akumulatory\n- nape\u0142nione zbiorniki wod\u0105 pitn\u0105\n- nape\u0142niony zbiornik rop\u0105 (ON) do ogrzewania (pe\u0142ny te\u017c si\u0119 zdaje)\n- jacht jest wysprz\u0105tany i sprawny technicznie\n- jacht posiada ubezpieczenie\n\nOp\u0142aty dodatkowe:\n- sprz\u0105tanie obligatoryjnie - 150 z\u0142\n- op\u0142ata za nieopr\u00f3\u017cnienie WC chemicznego lub zbiornika na fekalia - 300 z\u0142\n- op\u0142ata za psa - 250 z\u0142 (przy czarterze tygodniowym)\n\nInformacje portowe:\n- parking p\u0142atny\n- sanitariaty p\u0142atne\n- prysznic p\u0142atny\n- pr\u0105d na kei p\u0142atny\n- w porcje znajduje si\u0119 restauracja\n<br \/><br \/><strong>Ubezpieczenie:<\/strong><br \/><strong>W Polskim Zwi\u0105zku \u017beglarskim istnieje mo\u017cliwo\u015b\u0107 wykupienia przez sternika jachtu ubezpieczenia od wypadk\u00f3w losowych, \nuszkodze\u0144 \u0142odzi. Koszt ubezpieczenia wynosi 300z\u0142 za sezon na kwot\u0119 5000z\u0142. (Koszt i suma ubezpieczenia jest podana \nz wcze\u015bniejszych danych).<\/strong>\n\nPrzy rezerwacji jachtu pobierana jest zaliczka 30%.\nPozosta\u0142a nale\u017cno\u015b\u0107 p\u0142atna przelewem na konto podane przez armatora tydzie\u0144 przed rozpocz\u0119ciem czarteru.<\/pre>\t\t\t\t\t\t\t\t<\/div>\n\t\t\t\t<\/div>\n\t\t\t\t<div class=\"elementor-element elementor-element-9a4c51f elementor-widget-divider--separator-type-pattern elementor-widget-divider--view-line elementor-widget elementor-widget-divider\" data-id=\"9a4c51f\" data-element_type=\"widget\" data-e-type=\"widget\" data-widget_type=\"divider.default\">\n\t\t\t\t<div class=\"elementor-widget-container\">\n\t\t\t\t\t\t\t<div class=\"elementor-divider\" style=\"--divider-pattern-url: url(&quot;data:image\/svg+xml,%3Csvg xmlns=&#039;http:\/\/www.w3.org\/2000\/svg&#039; preserveAspectRatio=&#039;none&#039; overflow=&#039;visible&#039; height=&#039;100%&#039; viewBox=&#039;0 0 20 16&#039; fill=&#039;none&#039; stroke=&#039;black&#039; stroke-width=&#039;2&#039; stroke-linecap=&#039;square&#039; stroke-miterlimit=&#039;10&#039;%3E%3Cg transform=&#039;translate(-12.000000, 0)&#039;%3E%3Cpath d=&#039;M28,0L10,18&#039;\/%3E%3Cpath d=&#039;M18,0L0,18&#039;\/%3E%3Cpath d=&#039;M48,0L30,18&#039;\/%3E%3Cpath d=&#039;M38,0L20,18&#039;\/%3E%3C\/g%3E%3C\/svg%3E&quot;);\">\n\t\t\t<span class=\"elementor-divider-separator\">\n\t\t\t\t\t\t<\/span>\n\t\t<\/div>\n\t\t\t\t\t\t<\/div>\n\t\t\t\t<\/div>\n\t\t\t\t\t<\/div>\n\t\t<\/div>\n\t\t\t\t\t<\/div>\n\t\t<\/section>\n\t\t\t\t<\/div>\n\t\t","protected":false},"excerpt":{"rendered":"<p>Wa\u017cne informacje W sezonie 2026 stacjonowa\u0107 b\u0119dziemy w porcie Resort Niegocin. Port znajduje si\u0119 w O\u015brodku Wypoczynkowym Resort Niegocin ul. Niegoci\u0144ska 7 w miejscowo\u015bci Wilkasy k\/ Gi\u017cycka. Po wjechaniu do o\u015brodka prosz\u0119 kierowa\u0107 si\u0119 wed\u0142ug oznacze\u0144 &#8222;do portu&#8221;, gdzie b\u0119d\u0105 mogli Pa\u0144stwo podjecha\u0107 pod same jachty. Po rozpakowaniu baga\u017cy samoch\u00f3d nale\u017cy odstawi\u0107 na parking znajduj\u0105cy [&hellip;]<\/p>\n","protected":false},"author":1,"featured_media":0,"parent":0,"menu_order":0,"comment_status":"closed","ping_status":"closed","template":"","meta":{"footnotes":""},"class_list":["post-119","page","type-page","status-publish","hentry","post"],"yoast_head":"<!-- This site is optimized with the Yoast SEO plugin v27.4 - https:\/\/yoast.com\/product\/yoast-seo-wordpress\/ -->\n<title>Cennik - Czarter, Adria Czartery, Czarter jacht\u00f3w, Mazury, Gi\u017cycko, Jachty, \u0141\u00f3dki, Houseboat, \u017bagl\u00f3wki, port Gi\u017cycko, port Wilkasy<\/title>\n<meta name=\"robots\" content=\"index, follow, max-snippet:-1, max-image-preview:large, max-video-preview:-1\" \/>\n<link rel=\"canonical\" href=\"https:\/\/adria-czartery.pl\/index.php\/cennik\/\" \/>\n<meta property=\"og:locale\" content=\"pl_PL\" \/>\n<meta property=\"og:type\" content=\"article\" \/>\n<meta property=\"og:title\" content=\"Cennik - Czarter, Adria Czartery, Czarter jacht\u00f3w, Mazury, Gi\u017cycko, Jachty, \u0141\u00f3dki, Houseboat, \u017bagl\u00f3wki, port Gi\u017cycko, port Wilkasy\" \/>\n<meta property=\"og:description\" content=\"Wa\u017cne informacje W sezonie 2026 stacjonowa\u0107 b\u0119dziemy w porcie Resort Niegocin. Port znajduje si\u0119 w O\u015brodku Wypoczynkowym Resort Niegocin ul. Niegoci\u0144ska 7 w miejscowo\u015bci Wilkasy k\/ Gi\u017cycka. Po wjechaniu do o\u015brodka prosz\u0119 kierowa\u0107 si\u0119 wed\u0142ug oznacze\u0144 &quot;do portu&quot;, gdzie b\u0119d\u0105 mogli Pa\u0144stwo podjecha\u0107 pod same jachty. Po rozpakowaniu baga\u017cy samoch\u00f3d nale\u017cy odstawi\u0107 na parking znajduj\u0105cy [&hellip;]\" \/>\n<meta property=\"og:url\" content=\"https:\/\/adria-czartery.pl\/index.php\/cennik\/\" \/>\n<meta property=\"og:site_name\" content=\"Czarter, Adria Czartery, Czarter jacht\u00f3w, Mazury, Gi\u017cycko, Jachty, \u0141\u00f3dki, Houseboat, \u017bagl\u00f3wki, port Gi\u017cycko, port Wilkasy\" \/>\n<meta property=\"article:modified_time\" content=\"2025-10-30T15:04:32+00:00\" \/>\n<meta name=\"twitter:card\" content=\"summary_large_image\" \/>\n<meta name=\"twitter:label1\" content=\"Szacowany czas czytania\" \/>\n\t<meta name=\"twitter:data1\" content=\"1 minuta\" \/>\n<script type=\"application\/ld+json\" class=\"yoast-schema-graph\">{\"@context\":\"https:\\\/\\\/schema.org\",\"@graph\":[{\"@type\":\"WebPage\",\"@id\":\"https:\\\/\\\/adria-czartery.pl\\\/index.php\\\/cennik\\\/\",\"url\":\"https:\\\/\\\/adria-czartery.pl\\\/index.php\\\/cennik\\\/\",\"name\":\"Cennik - Czarter, Adria Czartery, Czarter jacht\u00f3w, Mazury, Gi\u017cycko, Jachty, \u0141\u00f3dki, Houseboat, \u017bagl\u00f3wki, port Gi\u017cycko, port Wilkasy\",\"isPartOf\":{\"@id\":\"https:\\\/\\\/adria-czartery.pl\\\/#website\"},\"datePublished\":\"2020-09-27T16:23:01+00:00\",\"dateModified\":\"2025-10-30T15:04:32+00:00\",\"breadcrumb\":{\"@id\":\"https:\\\/\\\/adria-czartery.pl\\\/index.php\\\/cennik\\\/#breadcrumb\"},\"inLanguage\":\"pl-PL\",\"potentialAction\":[{\"@type\":\"ReadAction\",\"target\":[\"https:\\\/\\\/adria-czartery.pl\\\/index.php\\\/cennik\\\/\"]}]},{\"@type\":\"BreadcrumbList\",\"@id\":\"https:\\\/\\\/adria-czartery.pl\\\/index.php\\\/cennik\\\/#breadcrumb\",\"itemListElement\":[{\"@type\":\"ListItem\",\"position\":1,\"name\":\"Strona g\u0142\u00f3wna\",\"item\":\"https:\\\/\\\/adria-czartery.pl\\\/\"},{\"@type\":\"ListItem\",\"position\":2,\"name\":\"Cennik\"}]},{\"@type\":\"WebSite\",\"@id\":\"https:\\\/\\\/adria-czartery.pl\\\/#website\",\"url\":\"https:\\\/\\\/adria-czartery.pl\\\/\",\"name\":\"Czarter, Adria Czartery, Czarter jacht\u00f3w, Mazury, Gi\u017cycko, Jachty, \u0141\u00f3dki, Houseboat, \u017bagl\u00f3wki, port Gi\u017cycko, port Wilkasy\",\"description\":\"Czarter jacht\u00f3w na mazurach. Wynajmij \u0142\u00f3dk\u0119, jacht, \u017cagl\u00f3wk\u0119, houseboat na Mazurach\",\"potentialAction\":[{\"@type\":\"SearchAction\",\"target\":{\"@type\":\"EntryPoint\",\"urlTemplate\":\"https:\\\/\\\/adria-czartery.pl\\\/?s={search_term_string}\"},\"query-input\":{\"@type\":\"PropertyValueSpecification\",\"valueRequired\":true,\"valueName\":\"search_term_string\"}}],\"inLanguage\":\"pl-PL\"}]}<\/script>\n<!-- \/ Yoast SEO plugin. -->","yoast_head_json":{"title":"Cennik - Czarter, Adria Czartery, Czarter jacht\u00f3w, Mazury, Gi\u017cycko, Jachty, \u0141\u00f3dki, Houseboat, \u017bagl\u00f3wki, port Gi\u017cycko, port Wilkasy","robots":{"index":"index","follow":"follow","max-snippet":"max-snippet:-1","max-image-preview":"max-image-preview:large","max-video-preview":"max-video-preview:-1"},"canonical":"https:\/\/adria-czartery.pl\/index.php\/cennik\/","og_locale":"pl_PL","og_type":"article","og_title":"Cennik - Czarter, Adria Czartery, Czarter jacht\u00f3w, Mazury, Gi\u017cycko, Jachty, \u0141\u00f3dki, Houseboat, \u017bagl\u00f3wki, port Gi\u017cycko, port Wilkasy","og_description":"Wa\u017cne informacje W sezonie 2026 stacjonowa\u0107 b\u0119dziemy w porcie Resort Niegocin. Port znajduje si\u0119 w O\u015brodku Wypoczynkowym Resort Niegocin ul. Niegoci\u0144ska 7 w miejscowo\u015bci Wilkasy k\/ Gi\u017cycka. Po wjechaniu do o\u015brodka prosz\u0119 kierowa\u0107 si\u0119 wed\u0142ug oznacze\u0144 \"do portu\", gdzie b\u0119d\u0105 mogli Pa\u0144stwo podjecha\u0107 pod same jachty. Po rozpakowaniu baga\u017cy samoch\u00f3d nale\u017cy odstawi\u0107 na parking znajduj\u0105cy [&hellip;]","og_url":"https:\/\/adria-czartery.pl\/index.php\/cennik\/","og_site_name":"Czarter, Adria Czartery, Czarter jacht\u00f3w, Mazury, Gi\u017cycko, Jachty, \u0141\u00f3dki, Houseboat, \u017bagl\u00f3wki, port Gi\u017cycko, port Wilkasy","article_modified_time":"2025-10-30T15:04:32+00:00","twitter_card":"summary_large_image","twitter_misc":{"Szacowany czas czytania":"1 minuta"},"schema":{"@context":"https:\/\/schema.org","@graph":[{"@type":"WebPage","@id":"https:\/\/adria-czartery.pl\/index.php\/cennik\/","url":"https:\/\/adria-czartery.pl\/index.php\/cennik\/","name":"Cennik - Czarter, Adria Czartery, Czarter jacht\u00f3w, Mazury, Gi\u017cycko, Jachty, \u0141\u00f3dki, Houseboat, \u017bagl\u00f3wki, port Gi\u017cycko, port Wilkasy","isPartOf":{"@id":"https:\/\/adria-czartery.pl\/#website"},"datePublished":"2020-09-27T16:23:01+00:00","dateModified":"2025-10-30T15:04:32+00:00","breadcrumb":{"@id":"https:\/\/adria-czartery.pl\/index.php\/cennik\/#breadcrumb"},"inLanguage":"pl-PL","potentialAction":[{"@type":"ReadAction","target":["https:\/\/adria-czartery.pl\/index.php\/cennik\/"]}]},{"@type":"BreadcrumbList","@id":"https:\/\/adria-czartery.pl\/index.php\/cennik\/#breadcrumb","itemListElement":[{"@type":"ListItem","position":1,"name":"Strona g\u0142\u00f3wna","item":"https:\/\/adria-czartery.pl\/"},{"@type":"ListItem","position":2,"name":"Cennik"}]},{"@type":"WebSite","@id":"https:\/\/adria-czartery.pl\/#website","url":"https:\/\/adria-czartery.pl\/","name":"Czarter, Adria Czartery, Czarter jacht\u00f3w, Mazury, Gi\u017cycko, Jachty, \u0141\u00f3dki, Houseboat, \u017bagl\u00f3wki, port Gi\u017cycko, port Wilkasy","description":"Czarter jacht\u00f3w na mazurach. Wynajmij \u0142\u00f3dk\u0119, jacht, \u017cagl\u00f3wk\u0119, houseboat na Mazurach","potentialAction":[{"@type":"SearchAction","target":{"@type":"EntryPoint","urlTemplate":"https:\/\/adria-czartery.pl\/?s={search_term_string}"},"query-input":{"@type":"PropertyValueSpecification","valueRequired":true,"valueName":"search_term_string"}}],"inLanguage":"pl-PL"}]}},"_links":{"self":[{"href":"https:\/\/adria-czartery.pl\/index.php\/wp-json\/wp\/v2\/pages\/119","targetHints":{"allow":["GET"]}}],"collection":[{"href":"https:\/\/adria-czartery.pl\/index.php\/wp-json\/wp\/v2\/pages"}],"about":[{"href":"https:\/\/adria-czartery.pl\/index.php\/wp-json\/wp\/v2\/types\/page"}],"author":[{"embeddable":true,"href":"https:\/\/adria-czartery.pl\/index.php\/wp-json\/wp\/v2\/users\/1"}],"replies":[{"embeddable":true,"href":"https:\/\/adria-czartery.pl\/index.php\/wp-json\/wp\/v2\/comments?post=119"}],"version-history":[{"count":76,"href":"https:\/\/adria-czartery.pl\/index.php\/wp-json\/wp\/v2\/pages\/119\/revisions"}],"predecessor-version":[{"id":972,"href":"https:\/\/adria-czartery.pl\/index.php\/wp-json\/wp\/v2\/pages\/119\/revisions\/972"}],"wp:attachment":[{"href":"https:\/\/adria-czartery.pl\/index.php\/wp-json\/wp\/v2\/media?parent=119"}],"curies":[{"name":"wp","href":"https:\/\/api.w.org\/{rel}","templated":true}]}}